{"id":121,"date":"2026-03-27T09:23:24","date_gmt":"2026-03-27T09:23:24","guid":{"rendered":"https:\/\/exact.rs\/?page_id=121"},"modified":"2026-04-08T09:16:09","modified_gmt":"2026-04-08T09:16:09","slug":"services","status":"publish","type":"page","link":"https:\/\/exact.rs\/?page_id=121","title":{"rendered":"Services"},"content":{"rendered":"\n<div class=\"wp-block-qi-blocks-spacer qodef-block-container qodef-block-2d667028\"><div class=\"qi-block-spacer qodef-block qodef-m\"><\/div><\/div>\n\n\n\n<section class=\"wp-block-qi-blocks-columns qodef-gutenberg-section qodef--template qodef-block-efa2a5e6 qodef-col-num--3 qodef-col-layout--16-66-16 qodef-content--boxed\"><div class=\"qodef-section-background-overlay\"><\/div><div class=\"qodef-gutenberg-row\">\n<div class=\"wp-block-qi-blocks-column qodef-gutenberg-column qodef-block-ee438ca5\"><div class=\"qodef-gutenberg-column-inner\"><\/div><\/div>\n\n\n\n<div class=\"wp-block-qi-blocks-column qodef-gutenberg-column qodef-block-682d7530\"><div class=\"qodef-gutenberg-column-inner\">\n<p class=\"has-text-align-center\">\u0420\u0430\u0431\u043e\u0442\u044b \u0432\u043a\u043b\u044e\u0447\u0430\u043b\u0438 \u043a\u043e\u043c\u043f\u043b\u0435\u043a\u0441\u043d\u0443\u044e \u0432\u043d\u0443\u0442\u0440\u0435\u043d\u043d\u044e\u044e \u043e\u0442\u0434\u0435\u043b\u043a\u0443 \u0441 \u0441\u043e\u0431\u043b\u044e\u0434\u0435\u043d\u0438\u0435\u043c \u0441\u043e\u0433\u043b\u0430\u0441\u043e\u0432\u0430\u043d\u043d\u044b\u0445 \u0442\u0435\u0445\u043d\u0438\u0447\u0435\u0441\u043a\u0438\u0445 \u0438 \u0434\u0438\u0437\u0430\u0439\u043d\u0435\u0440\u0441\u043a\u0438\u0445 \u0440\u0435\u0448\u0435\u043d\u0438\u0439<\/p>\n<\/div><\/div>\n\n\n\n<div class=\"wp-block-qi-blocks-column qodef-gutenberg-column qodef-block-b9d5998c\"><div class=\"qodef-gutenberg-column-inner\"><\/div><\/div>\n<\/div><\/section>\n\n\n\n<div class=\"wp-block-qi-blocks-spacer qodef-block-container qodef-block-d8e50920\"><div class=\"qi-block-spacer qodef-block qodef-m\"><\/div><\/div>\n\n\n\n<section class=\"wp-block-qi-blocks-columns qodef-gutenberg-section qodef--template qodef-block-17bd6557 qodef-col-num--1 qodef-col-layout--100 qodef-content--predefined qodef-content--1100\"><div class=\"qodef-section-background-overlay\"><\/div><div class=\"qodef-gutenberg-row\">\n<div class=\"wp-block-qi-blocks-column qodef-gutenberg-column qodef-block-d494545b\"><div class=\"qodef-gutenberg-column-inner\">\n<div class=\"wp-block-qi-blocks-accordion qodef-block-container qodef-block-5b36cfe2\"><div class=\"qi-block-accordion qodef-block qodef-m qodef-block-clear qodef-behavior--accordion qodef-style--standard qodef-height--auto\"><h4 class=\"qodef-e-title-holder\"><span class=\"qodef-e-title\">\u041e\u0442\u0434\u0435\u043b\u043a\u0430 \u043f\u043e\u0434 \u043a\u043b\u044e\u0447<\/span><span class=\"qodef-e-mark\"><span class=\"qodef-icon--plus\"><span class=\"qodef-e-icon\">+<\/span><\/span><span class=\"qodef-icon--minus\"><span class=\"qodef-e-icon\">&#8211;<\/span><\/span><\/span><\/h4><div class=\"qodef-e-content qodef-accordion-content\"><div class=\"qodef-e-content-inner\">\u041a\u043e\u043c\u043f\u043b\u0435\u043a\u0441\u043d\u0430\u044f \u0440\u0435\u0430\u043b\u0438\u0437\u0430\u0446\u0438\u044f \u043f\u0440\u043e\u0435\u043a\u0442\u0430 \u0441 \u043a\u043e\u043d\u0442\u0440\u043e\u043b\u0435\u043c \u043a\u0430\u0447\u0435\u0441\u0442\u0432\u0430 \u043d\u0430 \u0432\u0441\u0435\u0445 \u044d\u0442\u0430\u043f\u0430\u0445.<\/div><\/div><h4 class=\"qodef-e-title-holder\"><span class=\"qodef-e-title\">\u0427\u0435\u0440\u043d\u043e\u0432\u044b\u0435 \u0438 \u0447\u0438\u0441\u0442\u043e\u0432\u044b\u0435 \u0440\u0430\u0431\u043e\u0442\u044b<\/span><span class=\"qodef-e-mark\"><span class=\"qodef-icon--plus\"><span class=\"qodef-e-icon\">+<\/span><\/span><span class=\"qodef-icon--minus\"><span class=\"qodef-e-icon\">&#8211;<\/span><\/span><\/span><\/h4><div class=\"qodef-e-content qodef-accordion-content\"><div class=\"qodef-e-content-inner\">\u0412\u044b\u043f\u043e\u043b\u043d\u0435\u043d\u0438\u0435 \u0440\u0430\u0431\u043e\u0442 \u0441 \u0441\u043e\u0431\u043b\u044e\u0434\u0435\u043d\u0438\u0435\u043c \u0441\u0442\u0440\u043e\u0438\u0442\u0435\u043b\u044c\u043d\u044b\u0445 \u0442\u0435\u0445\u043d\u043e\u043b\u043e\u0433\u0438\u0439 \u0438 \u0430\u043a\u043a\u0443\u0440\u0430\u0442\u043d\u044b\u043c \u043f\u043e\u0434\u0445\u043e\u0434\u043e\u043c<\/div><\/div><h4 class=\"qodef-e-title-holder\"><span class=\"qodef-e-title\">\u042d\u043b\u0435\u043a\u0442\u0440\u043e\u043c\u043e\u043d\u0442\u0430\u0436\u043d\u044b\u0435 \u0440\u0430\u0431\u043e\u0442\u044b<\/span><span class=\"qodef-e-mark\"><span class=\"qodef-icon--plus\"><span class=\"qodef-e-icon\">+<\/span><\/span><span class=\"qodef-icon--minus\"><span class=\"qodef-e-icon\">&#8211;<\/span><\/span><\/span><\/h4><div class=\"qodef-e-content qodef-accordion-content\"><div class=\"qodef-e-content-inner\">\u042d\u043b\u0435\u043a\u0442\u0440\u0438\u043a\u0430 \u0438 \u0441\u0430\u043d\u0442\u0435\u0445\u043d\u0438\u043a\u0430 \u0441 \u0440\u0430\u0441\u0447\u0451\u0442\u043e\u043c \u043d\u0430 \u043d\u0430\u0434\u0451\u0436\u043d\u0443\u044e \u0438 \u0434\u043e\u043b\u0433\u043e\u0441\u0440\u043e\u0447\u043d\u0443\u044e \u044d\u043a\u0441\u043f\u043b\u0443\u0430\u0442\u0430\u0446\u0438\u044e\n<\/div><\/div><h4 class=\"qodef-e-title-holder\"><span class=\"qodef-e-title\">\u0421\u0430\u043d\u0442\u0435\u0445\u043d\u0438\u0447\u0435\u0441\u043a\u0438\u0435 \u0440\u0430\u0431\u043e\u0442\u044b, \u0433\u0438\u0434\u0440\u043e\u0438\u0437\u043e\u043b\u044f\u0446\u0438\u044f<\/span><span class=\"qodef-e-mark\"><span class=\"qodef-icon--plus\"><span class=\"qodef-e-icon\">+<\/span><\/span><span class=\"qodef-icon--minus\"><span class=\"qodef-e-icon\">&#8211;<\/span><\/span><\/span><\/h4><div class=\"qodef-e-content qodef-accordion-content\"><div class=\"qodef-e-content-inner\">\u0421\u043e\u0432\u0440\u0435\u043c\u0435\u043d\u043d\u044b\u0435 \u044d\u043d\u0435\u0440\u0433\u043e\u044d\u0444\u0444\u0435\u043a\u0442\u0438\u0432\u043d\u044b\u0435 \u0438\u043d\u0436\u0435\u043d\u0435\u0440\u043d\u044b\u0435 \u0440\u0435\u0448\u0435\u043d\u0438\u044f\n<\/div><\/div><h4 class=\"qodef-e-title-holder\"><span class=\"qodef-e-title\">\u041c\u0430\u043b\u044f\u0440\u043d\u044b\u0435 \u0440\u0430\u0431\u043e\u0442\u044b Airless<\/span><span class=\"qodef-e-mark\"><span class=\"qodef-icon--plus\"><span class=\"qodef-e-icon\">+<\/span><\/span><span class=\"qodef-icon--minus\"><span class=\"qodef-e-icon\">&#8211;<\/span><\/span><\/span><\/h4><div class=\"qodef-e-content qodef-accordion-content\"><div class=\"qodef-e-content-inner\">Byr kov. Plavabel paspen. Dirade tiskap. H\u00e5tregt androfaktisk. Pseudomani ang. Semise son. N\u00e5nde previskap. Byr kov. Plavabel paspen. Dirade tiskap. H\u00e5tregt androfaktisk. N\u00e5nde previskap. <\/div><\/div><h4 class=\"qodef-e-title-holder\"><span class=\"qodef-e-title\">\u041c\u043e\u043d\u0442\u0430\u0436 \u043f\u043b\u0438\u0442\u043a\u0438 \u0438 \u043d\u0430\u043f\u043e\u043b\u044c\u043d\u044b\u0445 \u043f\u043e\u043a\u0440\u044b\u0442\u0438\u0439<\/span><span class=\"qodef-e-mark\"><span class=\"qodef-icon--plus\"><span class=\"qodef-e-icon\">+<\/span><\/span><span class=\"qodef-icon--minus\"><span class=\"qodef-e-icon\">&#8211;<\/span><\/span><\/span><\/h4><div class=\"qodef-e-content qodef-accordion-content\"><div class=\"qodef-e-content-inner\">Byr kov. Plavabel paspen. Dirade tiskap. H\u00e5tregt androfaktisk. Pseudomani ang. Semise son. N\u00e5nde previskap. Byr kov. Plavabel paspen. Dirade tiskap. H\u00e5tregt androfaktisk. N\u00e5nde previskap. <\/div><\/div><h4 class=\"qodef-e-title-holder\"><span class=\"qodef-e-title\">\u0422\u0435\u043f\u043b\u043e\u0438\u0437\u043e\u043b\u044f\u0446\u0438\u044f<\/span><span class=\"qodef-e-mark\"><span class=\"qodef-icon--plus\"><span class=\"qodef-e-icon\">+<\/span><\/span><span class=\"qodef-icon--minus\"><span class=\"qodef-e-icon\">&#8211;<\/span><\/span><\/span><\/h4><div class=\"qodef-e-content qodef-accordion-content\"><div class=\"qodef-e-content-inner\">Byr kov. Plavabel paspen. Dirade tiskap. H\u00e5tregt androfaktisk. Pseudomani ang. Semise son. N\u00e5nde previskap. Byr kov. Plavabel paspen. Dirade tiskap. H\u00e5tregt androfaktisk. N\u00e5nde previskap. <\/div><\/div><h4 class=\"qodef-e-title-holder\"><span class=\"qodef-e-title\">\u041e\u0442\u043e\u043f\u043b\u0435\u043d\u0438\u0435, \u0442\u0435\u043f\u043b\u043e\u0432\u044b\u0435 \u043d\u0430\u0441\u043e\u0441\u044b, \u043a\u043e\u043d\u0434\u0438\u0446\u0438\u043e\u043d\u0438\u0440\u043e\u0432\u0430\u043d\u0438\u0435, \u0432\u0435\u043d\u0442\u0438\u043b\u044f\u0446\u0438\u044f, \u0440\u0435\u043a\u0443\u043f\u0435\u0440\u0430\u0446\u0438\u044f<\/span><span class=\"qodef-e-mark\"><span class=\"qodef-icon--plus\"><span class=\"qodef-e-icon\">+<\/span><\/span><span class=\"qodef-icon--minus\"><span class=\"qodef-e-icon\">&#8211;<\/span><\/span><\/span><\/h4><div class=\"qodef-e-content qodef-accordion-content\"><div class=\"qodef-e-content-inner\">Byr kov. Plavabel paspen. Dirade tiskap. H\u00e5tregt androfaktisk. Pseudomani ang. Semise son. N\u00e5nde previskap. Byr kov. Plavabel paspen. Dirade tiskap. H\u00e5tregt androfaktisk. N\u00e5nde previskap. <\/div><\/div><\/div><\/div>\n<\/div><\/div>\n<\/div><\/section>\n\n\n\n<div class=\"wp-block-qi-blocks-spacer qodef-block-container qodef-block-1b7033ef\"><div class=\"qi-block-spacer qodef-block qodef-m\"><\/div><\/div>\n\n\n\n<section class=\"wp-block-qi-blocks-columns qodef-gutenberg-section qodef--template qodef-block-36b04e39 qodef-col-num--1 qodef-col-layout--100 qodef-height--min-height qodef-content--boxed\"><div class=\"qodef-section-background-overlay\"><\/div><div class=\"qodef-gutenberg-row\">\n<div class=\"wp-block-qi-blocks-column qodef-gutenberg-column qodef-block-abd604a0\"><div class=\"qodef-gutenberg-column-inner\">\n<div class=\"wp-block-qi-blocks-parallax-images qodef-block-container qodef-block-8d6c80d4\"><div class=\"qi-block-parallax-images qodef-block qodef-m\"><div class=\"qodef-m-images\"><div class=\"qodef-e-main-image-holder\"><div class=\"qodef-e-main-image-zoom-holder\"><\/div><\/div><\/div><\/div><\/div>\n<\/div><\/div>\n<\/div><\/section>\n\n\n\n<div class=\"wp-block-qi-blocks-spacer qodef-block-container qodef-block-3b7b9999\"><div class=\"qi-block-spacer qodef-block qodef-m\"><\/div><\/div>\n\n\n\n<section class=\"wp-block-qi-blocks-columns qodef-gutenberg-section qodef--template qodef-block-ab1d828a qodef-col-num--3 qodef-col-layout--16-66-16 qodef-vertical-align--middle qodef-content--boxed\"><div class=\"qodef-section-background-overlay\"><\/div><div class=\"qodef-gutenberg-row\">\n<div class=\"wp-block-qi-blocks-column qodef-gutenberg-column qodef-block-ff2e4628\"><div class=\"qodef-gutenberg-column-inner\"><\/div><\/div>\n\n\n\n<div class=\"wp-block-qi-blocks-column qodef-gutenberg-column qodef-block-307892b7 qodef-vertical-align--middle qodef-horizontal-align--center\"><div class=\"qodef-gutenberg-column-inner\">\n<h2 class=\"wp-block-heading has-text-align-center\">\u0421\u0432\u044f\u0436\u0438\u0442\u0435\u0441\u044c \u0441 \u043d\u0430\u043c\u0438<\/h2>\n<\/div><\/div>\n\n\n\n<div class=\"wp-block-qi-blocks-column qodef-gutenberg-column qodef-block-17e0eebf\"><div class=\"qodef-gutenberg-column-inner\"><\/div><\/div>\n<\/div><\/section>\n\n\n\n<div class=\"wp-block-qi-blocks-spacer qodef-block-container qodef-block-e558c4cf\"><div class=\"qi-block-spacer qodef-block qodef-m\"><\/div><\/div>\n\n\n\n<section class=\"wp-block-qi-blocks-columns qodef-gutenberg-section qodef--template qodef-block-dd12b9e0 qodef-col-num--3 qodef-col-layout--16-66-16 qodef-content--boxed\"><div class=\"qodef-section-background-overlay\"><\/div><div class=\"qodef-gutenberg-row\">\n<div class=\"wp-block-qi-blocks-column qodef-gutenberg-column qodef-block-6b62abfb\"><div class=\"qodef-gutenberg-column-inner\"><\/div><\/div>\n\n\n\n<div class=\"wp-block-qi-blocks-column qodef-gutenberg-column qodef-block-e47a7564 qodef-vertical-align--middle qodef-horizontal-align--center\"><div class=\"qodef-gutenberg-column-inner\">\n<p class=\"has-text-align-center\">\u0421\u0432\u044f\u0436\u0438\u0442\u0435\u0441\u044c \u0441 \u043d\u0430\u043c\u0438, \u0447\u0442\u043e\u0431\u044b \u043e\u0431\u0441\u0443\u0434\u0438\u0442\u044c \u0432\u0430\u0448 \u043f\u0440\u043e\u0435\u043a\u0442 \u0438 \u043f\u043e\u043b\u0443\u0447\u0438\u0442\u044c \u043a\u043e\u043d\u0441\u0443\u043b\u044c\u0442\u0430\u0446\u0438\u044e.\u2028 \u041c\u044b \u043e\u0442\u0432\u0435\u0442\u0438\u043c \u043d\u0430 \u0432\u043e\u043f\u0440\u043e\u0441\u044b \u0438 \u043f\u0440\u0435\u0434\u043b\u043e\u0436\u0438\u043c \u043e\u043f\u0442\u0438\u043c\u0430\u043b\u044c\u043d\u044b\u0439 \u0444\u043e\u0440\u043c\u0430\u0442 \u0440\u0430\u0431\u043e\u0442\u044b.<\/p>\n<\/div><\/div>\n\n\n\n<div class=\"wp-block-qi-blocks-column qodef-gutenberg-column qodef-block-b1916cb9\"><div class=\"qodef-gutenberg-column-inner\"><\/div><\/div>\n<\/div><\/section>\n\n\n\n<div class=\"wp-block-qi-blocks-spacer qodef-block-container qodef-block-21d83cd0\"><div class=\"qi-block-spacer qodef-block qodef-m\"><\/div><\/div>\n\n\n\n<section class=\"wp-block-qi-blocks-columns qodef-gutenberg-section qodef--template qodef-block-0e44b864 qodef-col-num--2 qodef-col-layout--50 qodef-gutter--huge qodef-content--boxed\"><div class=\"qodef-section-background-overlay\"><\/div><div class=\"qodef-gutenberg-row\">\n<div class=\"wp-block-qi-blocks-column qodef-gutenberg-column qodef-block-7a6ff894\"><div class=\"qodef-gutenberg-column-inner\">\n<figure class=\"wp-block-image size-full\"><img fetchpriority=\"high\" decoding=\"async\" width=\"700\" height=\"560\" src=\"https:\/\/exact.rs\/wp-content\/uploads\/2026\/04\/DSC_3950_700x560.jpg\" alt=\"\" class=\"wp-image-571\" style=\"aspect-ratio:1;object-fit:cover\" srcset=\"https:\/\/exact.rs\/wp-content\/uploads\/2026\/04\/DSC_3950_700x560.jpg 700w, https:\/\/exact.rs\/wp-content\/uploads\/2026\/04\/DSC_3950_700x560-300x240.jpg 300w\" sizes=\"(max-width: 700px) 100vw, 700px\" \/><\/figure>\n<\/div><\/div>\n\n\n\n<div class=\"wp-block-qi-blocks-column qodef-gutenberg-column qodef-block-a7b244df\"><div class=\"qodef-gutenberg-column-inner\"><div class=\"forminator-ui forminator-custom-form forminator-custom-form-314 forminator-design--default  forminator_ajax\" data-forminator-render=\"0\" data-form=\"forminator-module-314\" data-uid=\"69d6cffa1a28e\"><br\/><\/div><form\n\t\t\t\tid=\"forminator-module-314\"\n\t\t\t\tclass=\"forminator-ui forminator-custom-form forminator-custom-form-314 forminator-design--default  forminator_ajax\"\n\t\t\t\tmethod=\"post\"\n\t\t\t\tdata-forminator-render=\"0\"\n\t\t\t\tdata-form-id=\"314\"\n\t\t\t\t data-color-option=\"default\" data-design=\"default\" data-grid=\"open\" style=\"display: none;\"\n\t\t\t\tdata-uid=\"69d6cffa1a28e\"\n\t\t\t><div role=\"alert\" aria-live=\"polite\" class=\"forminator-response-message forminator-error\" aria-hidden=\"true\"><\/div><div class=\"forminator-row\"><div id=\"name-1\" class=\"forminator-field-name forminator-col forminator-col-12 \"><div class=\"forminator-field\"><label for=\"forminator-field-name-1_69d6cffa1a28e\" id=\"forminator-field-name-1_69d6cffa1a28e-label\" class=\"forminator-label\">\u0418\u043c\u044f <span class=\"forminator-required\">*<\/span><\/label><input type=\"text\" name=\"name-1\" value=\"\" placeholder=\"\" id=\"forminator-field-name-1_69d6cffa1a28e\" class=\"forminator-input forminator-name--field\" aria-required=\"true\" autocomplete=\"name\" \/><\/div><\/div><\/div><div class=\"forminator-row\"><div id=\"email-1\" class=\"forminator-field-email forminator-col forminator-col-12 \"><div class=\"forminator-field\"><label for=\"forminator-field-email-1_69d6cffa1a28e\" id=\"forminator-field-email-1_69d6cffa1a28e-label\" class=\"forminator-label\">Email <span class=\"forminator-required\">*<\/span><\/label><input type=\"email\" name=\"email-1\" value=\"\" placeholder=\"\" id=\"forminator-field-email-1_69d6cffa1a28e\" class=\"forminator-input forminator-email--field\" data-required=\"true\" aria-required=\"true\" autocomplete=\"email\" \/><\/div><\/div><\/div><div class=\"forminator-row\"><div id=\"phone-1\" class=\"forminator-field-phone forminator-col forminator-col-12 \"><div class=\"forminator-field\"><label for=\"forminator-field-phone-1_69d6cffa1a28e\" id=\"forminator-field-phone-1_69d6cffa1a28e-label\" class=\"forminator-label\">\u041d\u043e\u043c\u0435\u0440 \u0442\u0435\u043b\u0435\u0444\u043e\u043d\u0430 <span class=\"forminator-required\">*<\/span><\/label><input type=\"text\" name=\"phone-1\" value=\"\" placeholder=\"\" id=\"forminator-field-phone-1_69d6cffa1a28e\" class=\"forminator-input forminator-field--phone\" data-required=\"1\" aria-required=\"true\" autocomplete=\"off\" \/><\/div><\/div><\/div><div class=\"forminator-row\"><div id=\"textarea-1\" class=\"forminator-field-textarea forminator-col forminator-col-12 \"><div class=\"forminator-field\"><label for=\"forminator-field-textarea-1_69d6cffa1a28e\" id=\"forminator-field-textarea-1_69d6cffa1a28e-label\" class=\"forminator-label\">\u0421\u043e\u043e\u0431\u0449\u0435\u043d\u0438\u0435<\/label><span id=\"forminator-field-textarea-1_69d6cffa1a28e-description\" class=\"forminator-description\"><span data-limit=\"180\" data-type=\"characters\" data-editor=\"\">0 \/ 180<\/span><\/span><textarea name=\"textarea-1\" placeholder=\"\" id=\"forminator-field-textarea-1_69d6cffa1a28e\" class=\"forminator-textarea\" rows=\"6\" style=\"min-height:140px;\" maxlength=\"180\" ><\/textarea><\/div><\/div><\/div><input type=\"hidden\" name=\"referer_url\" value=\"\" \/><div class=\"forminator-row forminator-row-last\"><div class=\"forminator-col\"><div class=\"forminator-field\"><button class=\"forminator-button forminator-button-submit\">\u041e\u0442\u043f\u0440\u0430\u0432\u0438\u0442\u044c<\/button><\/div><\/div><\/div><input type=\"hidden\" id=\"forminator_nonce\" name=\"forminator_nonce\" value=\"c00f4b501c\" \/><input type=\"hidden\" name=\"_wp_http_referer\" value=\"\/index.php?rest_route=%2Fwp%2Fv2%2Fpages%2F121\" \/><input type=\"hidden\" name=\"form_id\" value=\"314\"><input type=\"hidden\" name=\"page_id\" value=\"121\"><input type=\"hidden\" name=\"form_type\" value=\"default\"><input type=\"hidden\" name=\"current_url\" value=\"https:\/\/exact.rs\/?page_id=121\"><input type=\"hidden\" name=\"render_id\" value=\"0\"><input type=\"hidden\" name=\"action\" value=\"forminator_submit_form_custom-forms\"><\/form>\n<\/div><\/div>\n<\/div><\/section>\n\n\n\n<p><\/p>\n","protected":false},"excerpt":{"rendered":"","protected":false},"author":1,"featured_media":0,"parent":0,"menu_order":0,"comment_status":"closed","ping_status":"closed","template":"full_width.php","meta":{"footnotes":""},"class_list":["post-121","page","type-page","status-publish","hentry"],"_links":{"self":[{"href":"https:\/\/exact.rs\/index.php?rest_route=\/wp\/v2\/pages\/121","targetHints":{"allow":["GET"]}}],"collection":[{"href":"https:\/\/exact.rs\/index.php?rest_route=\/wp\/v2\/pages"}],"about":[{"href":"https:\/\/exact.rs\/index.php?rest_route=\/wp\/v2\/types\/page"}],"author":[{"embeddable":true,"href":"https:\/\/exact.rs\/index.php?rest_route=\/wp\/v2\/users\/1"}],"replies":[{"embeddable":true,"href":"https:\/\/exact.rs\/index.php?rest_route=%2Fwp%2Fv2%2Fcomments&post=121"}],"version-history":[{"count":178,"href":"https:\/\/exact.rs\/index.php?rest_route=\/wp\/v2\/pages\/121\/revisions"}],"predecessor-version":[{"id":868,"href":"https:\/\/exact.rs\/index.php?rest_route=\/wp\/v2\/pages\/121\/revisions\/868"}],"wp:attachment":[{"href":"https:\/\/exact.rs\/index.php?rest_route=%2Fwp%2Fv2%2Fmedia&parent=121"}],"curies":[{"name":"wp","href":"https:\/\/api.w.org\/{rel}","templated":true}]}}